{"id":154,"date":"2023-12-18T18:39:16","date_gmt":"2023-12-18T18:39:16","guid":{"rendered":"https:\/\/keilakk.eu\/e-pood\/?page_id=154"},"modified":"2024-12-02T11:05:39","modified_gmt":"2024-12-02T11:05:39","slug":"muugitingimused","status":"publish","type":"page","link":"https:\/\/keilakk.eu\/e-pood\/muugitingimused\/","title":{"rendered":"M\u00fc\u00fcgitingimused"},"content":{"rendered":"<p style=\"font-weight: 400;\"><strong>M\u00fc\u00fcgitingimused<\/strong><\/p>\n<p style=\"font-weight: 400;\">Veebipoe KEILAKK.EU\/E-POOD (edaspidi Veebipood) omanik on Shuuter O\u00dc (edaspidi M\u00fc\u00fcja) (registrikood 17103394) asukohaga\u00a0 Harju maakond, Keila linn.<\/p>\n<p style=\"font-weight: 400;\"><strong>M\u00fc\u00fcgilepingu kehtivus, toote- ja hinnainfo<\/strong><\/p>\n<p style=\"font-weight: 400;\">M\u00fc\u00fcgitingimused kehtivad Veebipoest toodete tellimisel.<\/p>\n<p style=\"font-weight: 400;\">Veebipoes m\u00fc\u00fcdavate toodete hinnad on m\u00e4rgitud toodete juurde. Hinnale lisandub tasu toote k\u00e4ttetoimetamise eest, kui tellida tooted pakiautomaati. Toodetele ise j\u00e4rele tulles k\u00e4ttetoimetamise tasu ei rakendu.<\/p>\n<p style=\"font-weight: 400;\">Toodete k\u00e4ttetoimetamise tasu s\u00f5ltub ostja asukohast ning k\u00e4ttetoimetamise viisist.<\/p>\n<p style=\"font-weight: 400;\">K\u00e4ttetoimetamise tasu kuvatakse ostjale tellimuse vormistamisel.<\/p>\n<p style=\"font-weight: 400;\">Teave toote kohta on esitatud Veebipoes vahetult toote juures.<\/p>\n<p style=\"font-weight: 400;\"><strong>Tellimuse vormistamine<\/strong><\/p>\n<p style=\"font-weight: 400;\">Toodete tellimiseks tuleb lisada soovitud tooted ostukorvi. Tellimuse vormistamiseks tuleb t\u00e4ita n\u00f5utud andmev\u00e4ljad ning valida sobiv toodete kohaletoimetamise viis. Seej\u00e4rel kuvatakse ekraanile tasu suurus, mille saab tasuda pangalingi kaudu v\u00f5i muu makselahenduse abil. F\u00e4nniriiete tellimisel on vajalik valida tootele sobiv logo \u2013 Keila Korvpallikool, Saue Korvpallikool v\u00f5i L\u00e4\u00e4ne-Harju Korvpallikool. V\u00f5istlusvormi tellimisel on kohustuslik m\u00e4rkida \u00f5pilase v\u00f5istlusnumber ja logo.<\/p>\n<p style=\"font-weight: 400;\">Leping j\u00f5ustub alates tasumisele kuuluva summa laekumisest Veebipoe arvelduskontole.<\/p>\n<p style=\"font-weight: 400;\">Kui tellitud toodet ei ole v\u00f5imalik tarnida seoses toote l\u00f5ppemisega v\u00f5i muul p\u00f5hjusel, teavitatakse sellest ostjat esimesel v\u00f5imalusel ning tagastatakse tasutud raha (sh toote k\u00e4ttetoimetamise kulud) \u00fcldjuhul 1-2 t\u00f6\u00f6p\u00e4eva jooksul. S\u00f5ltuvalt makseviisist v\u00f5ib laekumine aega v\u00f5tta kuni 7 t\u00f6\u00f6p\u00e4eva.<\/p>\n<p style=\"font-weight: 400;\"><strong>Kohaletoimetamine<\/strong><\/p>\n<p style=\"font-weight: 400;\">Tooteid saadetakse j\u00e4rgmistesse riikidesse: Eesti.<\/p>\n<p style=\"font-weight: 400;\">Toote saatmiskulud kannab ostja ning vastav hinnainfo on kuvatud saatmisviisi juures.<\/p>\n<p style=\"font-weight: 400;\">Eestisisesed saadetised j\u00f5uavad \u00fcldjuhul ostja m\u00e4\u00e4ratud sihtpunkti 3-7 t\u00f6\u00f6p\u00e4eva jooksul alates m\u00fc\u00fcgilepingu j\u00f5ustumist.<\/p>\n<p style=\"font-weight: 400;\">Erandlikel juhtumitel on \u00f5igus toode kohale toimetada kuni 30 kalendrip\u00e4eva jooksul.<\/p>\n<p style=\"font-weight: 400;\">Kui Veebipood on veebilehel v\u00f5i tellimuse kinnituses teavitanud ostjat tarneprobleemidest ja 30 kalendrip\u00e4eva \u00fcletavast t\u00e4htajast, kohaldub Veebipoe poolt avaldatud t\u00e4htaeg.<\/p>\n<p style=\"font-weight: 400;\"><strong>Taganemis\u00f5igus<\/strong><\/p>\n<p style=\"font-weight: 400;\">P\u00e4rast tellimuse k\u00e4ttesaamist on ostjal \u00f5igus veebipoes s\u00f5lmitud lepingust taganeda 14 p\u00e4eva jooksul.<\/p>\n<p style=\"font-weight: 400;\">Taganemis\u00f5igus ei kohaldu, kui ostjaks on juriidiline isik.<\/p>\n<p style=\"font-weight: 400;\">14-p\u00e4evase tagastamis\u00f5iguse kasutamiseks ei tohi tellitud toodet kasutada muul viisil kui on vajalik toote olemuses, omadustes ja toimimises veendumiseks viisil nagu see on lubatud toote testimiseks f\u00fc\u00fcsilises poes. V\u00f5istlusnumbritega f\u00e4nniriideid ja v\u00f5istlusvorme (valmistatud ostja isiklikke vajadusi arvestades) ei ole v\u00f5imalik tagastada v\u00e4lja arvatud juhul, kui tegemist on defektiga v\u00f5i vale tootega.<\/p>\n<p style=\"font-weight: 400;\">Kui toodet on kasutatud muuks otstarbeks kui on vajalik toote olemuses, omadustes ja toimimises veendumiseks v\u00f5i sellel on kasutamise v\u00f5i kulumise m\u00e4rke, on Veebipoel \u00f5igus alandada tagastatavat tasu vastavalt toote v\u00e4\u00e4rtuse v\u00e4henemisele.<\/p>\n<p style=\"font-weight: 400;\">Toote v\u00e4\u00e4rtuse v\u00e4henemise ulatuse m\u00e4\u00e4rab M\u00fc\u00fcja kasutades vajadusel eksperdi arvamust. Eksperdina aktsepteeritakse toote tootjat ja maaletoojat. Kui ostja ei n\u00f5ustu v\u00e4\u00e4rtuse v\u00e4henemise arvamusega, siis annab v\u00e4\u00e4rtuse v\u00e4henemise kohta siduva arvamuse M\u00fc\u00fcja poolt valitud s\u00f5ltumatu ekspertiisib\u00fcroo. Kui ekspertiisib\u00fcroo arvamus kinnitab M\u00fc\u00fcja hinnangut v\u00e4\u00e4rtuse v\u00e4henemise kohta, siis h\u00fcvitab ekspertiisikulud ostja. Kui ekspertiisb\u00fcroo arvamus ei kinnita M\u00fc\u00fcja hinnangut v\u00e4\u00e4rtuse v\u00e4henemise kohta, siis kannab ekspertiisi kulud M\u00fc\u00fcja. Juhul kui ostja ei n\u00f5ustu s\u00f5ltumatu ekspertiisib\u00fcroo arvamusega, on tal \u00f5igus p\u00f6\u00f6rduda vaidluse lahendamiseks Tarbijakaitse ja Tehnilise J\u00e4relevalve Ameti poole.<\/p>\n<p style=\"font-weight: 400;\">Toote tagastamiseks tuleb esitada toote ostmisest taganemise avaldus, mille vormi leiab <a href=\"https:\/\/www.riigiteataja.ee\/aktilisa\/1030\/1201\/4001\/JM_m41_lisa1.pdf\">siit:<\/a> taganemisavaldus ning saata see e-posti aadressile hiljemalt 14 p\u00e4eva jooksul toote k\u00e4ttesaamisest.<\/p>\n<p style=\"font-weight: 400;\">Toote tagastamise kulud kannab ostja, v\u00e4lja arvatud juhul, kui tagastamise p\u00f5hjus seisneb asjaolus, et tagastamisele kuuluv toode ei vasta tellitule (nt vale v\u00f5i defektiga toode).<\/p>\n<p style=\"font-weight: 400;\">Ostja peab toote tagastama avalduse esitamisele j\u00e4rgneva 14 p\u00e4eva jooksul v\u00f5i esitama t\u00f5endi, et ta on eelnimetatud perioodi jooksul toote \u00fcle andnud toote vedajale.<\/p>\n<p style=\"font-weight: 400;\">Veebipood tagastab tagastatava toote k\u00e4ttesaamisel ostjale viivitamata, kuid mitte hiljem kui 14 p\u00e4eva m\u00f6\u00f6dumisel arvates taganemisavalduse saamisest, k\u00f5ik ostjalt lepingu alusel saadud tasud.<\/p>\n<p style=\"font-weight: 400;\">Veebipood v\u00f5ib keelduda tagasimaksete tegemisest seni, kuni on lepingu esemeks oleva toote tagasi saanud v\u00f5i kuni ostja on esitanud t\u00f5endid, et on toote tagasi saatnud, s\u00f5ltuvalt sellest, kumb toimub varem.<\/p>\n<p style=\"font-weight: 400;\">Kui ostja on s\u00f5naselgelt valinud Veebipoe pakutud k\u00f5ige odavamast tavap\u00e4rasest toote k\u00e4ttetoimetamise viisist erineva k\u00e4ttetoimetamise viisi, ei pea Veebipood ostjale tagastama kulu, mis \u00fcletab tavap\u00e4rase k\u00e4ttetoimetamise viisiga seotud kulu.<\/p>\n<p style=\"font-weight: 400;\"><strong>Pretensiooni esitamise \u00f5igus<\/strong><\/p>\n<p style=\"font-weight: 400;\">M\u00fc\u00fcja vastutab ostjale m\u00fc\u00fcdud toote lepingutingimustele mittevastavuse v\u00f5i puuduse eest, mis oli olemas juba toote \u00fcleandmise hetkel ning mis ilmneb kuni kahe aasta jooksul, alates toote \u00fcleandmisest ostjale. Sellest esimese aasta jooksul toote \u00fcleandmisest ostjale eeldatakse, et puudus oli olemas juba toote \u00fcleandmise ajal. Vastava eelduse \u00fcmberl\u00fckkamine on Veebipoe kohustus.<\/p>\n<p style=\"font-weight: 400;\">Ostja kohustub M\u00fc\u00fcjat teavitama toote mittevastavusest viivitamatult, hiljemalt 2 kuu jooksul selle avastamisest ehk esitama pretensiooni, saates e-kirja aadressile admin@keilakk.ee v\u00f5i helistada telefonil: +372 501 9466.<\/p>\n<p style=\"font-weight: 400;\">M\u00fc\u00fcja ei vastuta puuduste eest, mis on tekkinud p\u00e4rast toote \u00fcleandmist ostja tegevuse v\u00f5i tegevusetuse t\u00f5ttu (vale kasutusviis v\u00f5i eba\u00f5ige hooldus, mehhaaniline vigastus, \u00f5nnetusjuhtum vms) v\u00f5i kui tegemist on toote tavap\u00e4rasest kasutamisest tingitud normaalse kulumisega.<\/p>\n<p style=\"font-weight: 400;\">Kui M\u00fc\u00fcja tellitud tootel on puudused, mille eest M\u00fc\u00fcja vastutab, parandab v\u00f5i asendab M\u00fc\u00fcja puudusega toote.\u00a0 Kui toodet ei ole v\u00f5imalik parandada ega asendada, tagastab M\u00fc\u00fcja ostjale k\u00f5ik m\u00fc\u00fcgilepinguga kaasnenud tasud.<\/p>\n<p style=\"font-weight: 400;\">M\u00fc\u00fcja vastab ostja esitatud kaebusele kirjalikult v\u00f5i kirjalikku taasesitamist v\u00f5imaldavas vormis 15 p\u00e4eva jooksul.<\/p>\n<p style=\"font-weight: 400;\"><strong>Vaidluste lahendamine<\/strong><\/p>\n<p style=\"font-weight: 400;\">Kui ostjal on Veebipoe osas pretensioone, tuleb need saata e-kirja aadressile <a href=\"mailto:admin@keilakk.eu\">admin@keilakk.eu<\/a> v\u00f5i helistada telefonil: +372 501 9466<\/p>\n<p style=\"font-weight: 400;\">M\u00fc\u00fcja ei vastuta tellimuse t\u00e4itmisel ostja poolt esitatud ebakorrektsetest andmetest tekkiva kahju v\u00f5i mis tahes muude tagaj\u00e4rgede eest, sealhulgas kohaletoimetamise viivituse eest, kui see on tingitud asjaoludest, mida M\u00fc\u00fcjal ei olnud v\u00f5imalik m\u00f5jutada.<\/p>\n<p style=\"font-weight: 400;\">M\u00fc\u00fcja ei vastuta tellitud toote mittesihip\u00e4rasest kasutamisest tekkinud kahjude eest.<\/p>\n<p style=\"font-weight: 400;\">Kui ostja ja M\u00fc\u00fcja ei suuda lahenda vaidlust kokkuleppe teel, siis on ostjal v\u00f5imalik p\u00f6\u00f6rduda Tarbijavaidluste komisjoni poole. Menetlustingimustega saab tutvuda ning avaldust esitada <a href=\"https:\/\/ttja.ee\/tarbijavaidluste-komisjon\">siin<\/a>. Tarbijavaidluste komisjoni p\u00e4devuses on lahendada ostja ja M\u00fc\u00fcja vahel s\u00f5lmitud lepingust tulenevaid vaidlusi. Ostja kaebuse l\u00e4bivaatamine komisjonis on tasuta.<\/p>\n<p style=\"font-weight: 400;\">Ostja v\u00f5ib p\u00f6\u00f6rduda Euroopa Liidu tarbijavaidlusi lahendava platvormi <a href=\"https:\/\/ec.europa.eu\/consumers\/odr\/main\/index.cfm?event=main.home2.show&amp;lng=ET\">poole<\/a>.<\/p>\n<p style=\"font-weight: 400;\">\n","protected":false},"excerpt":{"rendered":"<p>M\u00fc\u00fcgitingimused Veebipoe KEILAKK.EU\/E-POOD (edaspidi Veebipood) omanik on Shuuter O\u00dc (edaspidi M\u00fc\u00fcja) (registrikood 17103394) asukohaga\u00a0 Harju maakond, Keila linn. M\u00fc\u00fcgilepingu kehtivus, toote- ja hinnainfo M\u00fc\u00fcgitingimused kehtivad Veebipoest toodete tellimisel. Veebipoes m\u00fc\u00fcdavate toodete hinnad on m\u00e4rgitud toodete juurde. Hinnale lisandub tasu toote k\u00e4ttetoimetamise eest, kui tellida tooted pakiautomaati. Toodetele ise j\u00e4rele tulles k\u00e4ttetoimetamise tasu ei rakendu. Toodete [&hellip;]<\/p>\n","protected":false},"author":2,"featured_media":0,"parent":0,"menu_order":0,"comment_status":"closed","ping_status":"closed","template":"","meta":{"site-sidebar-layout":"no-sidebar","site-content-layout":"","ast-site-content-layout":"full-width-container","site-content-style":"default","site-sidebar-style":"default","ast-global-header-display":"","ast-banner-title-visibility":"","ast-main-header-display":"","ast-hfb-above-header-display":"","ast-hfb-below-header-display":"","ast-hfb-mobile-header-display":"","site-post-title":"disabled","ast-breadcrumbs-content":"","ast-featured-img":"disabled","footer-sml-layout":"","theme-transparent-header-meta":"","adv-header-id-meta":"","stick-header-meta":"","header-above-stick-meta":"","header-main-stick-meta":"","header-below-stick-meta":"","astra-migrate-meta-layouts":"default","ast-page-background-enabled":"default","ast-page-background-meta":{"desktop":{"background-color":"var(--ast-global-color-4)","background-image":"","background-repeat":"repeat","background-position":"center center","background-size":"auto","background-attachment":"scroll","background-type":"","background-media":"","overlay-type":"","overlay-color":"","overlay-gradient":""},"tablet":{"background-color":"","background-image":"","background-repeat":"repeat","background-position":"center center","background-size":"auto","background-attachment":"scroll","background-type":"","background-media":"","overlay-type":"","overlay-color":"","overlay-gradient":""},"mobile":{"background-color":"","background-image":"","background-repeat":"repeat","background-position":"center center","background-size":"auto","background-attachment":"scroll","background-type":"","background-media":"","overlay-type":"","overlay-color":"","overlay-gradient":""}},"ast-content-background-meta":{"desktop":{"background-color":"var(--ast-global-color-5)","background-image":"","background-repeat":"repeat","background-position":"center center","background-size":"auto","background-attachment":"scroll","background-type":"","background-media":"","overlay-type":"","overlay-color":"","overlay-gradient":""},"tablet":{"background-color":"var(--ast-global-color-5)","background-image":"","background-repeat":"repeat","background-position":"center center","background-size":"auto","background-attachment":"scroll","background-type":"","background-media":"","overlay-type":"","overlay-color":"","overlay-gradient":""},"mobile":{"background-color":"var(--ast-global-color-5)","background-image":"","background-repeat":"repeat","background-position":"center center","background-size":"auto","background-attachment":"scroll","background-type":"","background-media":"","overlay-type":"","overlay-color":"","overlay-gradient":""}},"footnotes":""},"class_list":["post-154","page","type-page","status-publish","hentry"],"_links":{"self":[{"href":"https:\/\/keilakk.eu\/e-pood\/wp-json\/wp\/v2\/pages\/154","targetHints":{"allow":["GET"]}}],"collection":[{"href":"https:\/\/keilakk.eu\/e-pood\/wp-json\/wp\/v2\/pages"}],"about":[{"href":"https:\/\/keilakk.eu\/e-pood\/wp-json\/wp\/v2\/types\/page"}],"author":[{"embeddable":true,"href":"https:\/\/keilakk.eu\/e-pood\/wp-json\/wp\/v2\/users\/2"}],"replies":[{"embeddable":true,"href":"https:\/\/keilakk.eu\/e-pood\/wp-json\/wp\/v2\/comments?post=154"}],"version-history":[{"count":5,"href":"https:\/\/keilakk.eu\/e-pood\/wp-json\/wp\/v2\/pages\/154\/revisions"}],"predecessor-version":[{"id":502,"href":"https:\/\/keilakk.eu\/e-pood\/wp-json\/wp\/v2\/pages\/154\/revisions\/502"}],"wp:attachment":[{"href":"https:\/\/keilakk.eu\/e-pood\/wp-json\/wp\/v2\/media?parent=154"}],"curies":[{"name":"wp","href":"https:\/\/api.w.org\/{rel}","templated":true}]}}