{"id":320,"date":"2024-01-16T07:54:35","date_gmt":"2024-01-16T07:54:35","guid":{"rendered":"https:\/\/keilakk.eu\/e-pood\/?post_type=product&#038;p=320"},"modified":"2024-12-02T11:04:26","modified_gmt":"2024-12-02T11:04:26","slug":"laste-kilejope-2","status":"publish","type":"product","link":"https:\/\/keilakk.eu\/e-pood\/toode\/laste-kilejope-2\/","title":{"rendered":"Laste kilejope"},"content":{"rendered":"","protected":false},"excerpt":{"rendered":"<div class=\"DF_utQ _0xkaeQ\">\n<div class=\"DF_utQ _0xkaeQ\">\n<div class=\"aF9o6Q _0yZ6Qg\">\n<div class=\"AdBbhQ hGbcYA\" lang=\"en\">\n<p><span style=\"font-size: 16px;\">Dri-FIT tehnoloogia ja vetth\u00fclgav kangas aitavad kerge vihma korral kuivana p\u00fcsida. V\u00f5rgust voodriga k\u00fcljetaskutes saad hoida asju turvaliselt ja kuivana.<\/span><\/p>\n<\/div>\n<\/div>\n<\/div>\n<\/div>\n<div class=\"DF_utQ _0xkaeQ\">\n<div class=\"aF9o6Q _0yZ6Qg\">\n<div class=\"AdBbhQ hGbcYA\" lang=\"en\">\n<div class=\"DF_utQ _0xkaeQ\">\n<div>\n<div class=\"hWv4NA\">\n<div class=\"bFnJ2A\"><span style=\"font-size: 16px;\">Laste suurused:<\/span><\/div>\n<\/div>\n<\/div>\n<\/div>\n<div class=\"DF_utQ _0xkaeQ\">\n<div class=\"DF_utQ _0xkaeQ\">\n<div class=\"aF9o6Q _0yZ6Qg\">\n<div class=\"AdBbhQ hGbcYA\" lang=\"en\">\n<p>S, M, L, XL<\/p>\n<\/div>\n<\/div>\n<\/div>\n<\/div>\n<\/div>\n<\/div>\n<\/div>\n","protected":false},"featured_media":307,"template":"","meta":{"site-sidebar-layout":"no-sidebar","site-content-layout":"","ast-site-content-layout":"full-width-container","site-content-style":"default","site-sidebar-style":"default","ast-global-header-display":"","ast-banner-title-visibility":"","ast-main-header-display":"","ast-hfb-above-header-display":"","ast-hfb-below-header-display":"","ast-hfb-mobile-header-display":"","site-post-title":"disabled","ast-breadcrumbs-content":"","ast-featured-img":"disabled","footer-sml-layout":"","theme-transparent-header-meta":"default","adv-header-id-meta":"","stick-header-meta":"","header-above-stick-meta":"","header-main-stick-meta":"","header-below-stick-meta":"","astra-migrate-meta-layouts":"set","ast-page-background-enabled":"default","ast-page-background-meta":{"desktop":{"background-color":"var(--ast-global-color-4)","background-image":"","background-repeat":"repeat","background-position":"center center","background-size":"auto","background-attachment":"scroll","background-type":"","background-media":"","overlay-type":"","overlay-color":"","overlay-gradient":""},"tablet":{"background-color":"","background-image":"","background-repeat":"repeat","background-position":"center center","background-size":"auto","background-attachment":"scroll","background-type":"","background-media":"","overlay-type":"","overlay-color":"","overlay-gradient":""},"mobile":{"background-color":"","background-image":"","background-repeat":"repeat","background-position":"center center","background-size":"auto","background-attachment":"scroll","background-type":"","background-media":"","overlay-type":"","overlay-color":"","overlay-gradient":""}},"ast-content-background-meta":{"desktop":{"background-color":"var(--ast-global-color-5)","background-image":"","background-repeat":"repeat","background-position":"center center","background-size":"auto","background-attachment":"scroll","background-type":"","background-media":"","overlay-type":"","overlay-color":"","overlay-gradient":""},"tablet":{"background-color":"var(--ast-global-color-5)","background-image":"","background-repeat":"repeat","background-position":"center center","background-size":"auto","background-attachment":"scroll","background-type":"","background-media":"","overlay-type":"","overlay-color":"","overlay-gradient":""},"mobile":{"background-color":"var(--ast-global-color-5)","background-image":"","background-repeat":"repeat","background-position":"center center","background-size":"auto","background-attachment":"scroll","background-type":"","background-media":"","overlay-type":"","overlay-color":"","overlay-gradient":""}}},"product_brand":[],"product_cat":[16],"product_tag":[],"class_list":{"0":"post-320","1":"product","2":"type-product","3":"status-publish","4":"has-post-thumbnail","6":"product_cat-lapsed","7":"desktop-align-left","8":"tablet-align-left","9":"mobile-align-left","10":"ast-product-gallery-layout-horizontal-slider","11":"ast-product-single-variable","12":"ast-product-tabs-layout-horizontal","14":"first","15":"instock","16":"taxable","17":"shipping-taxable","18":"purchasable","19":"product-type-variable"},"_links":{"self":[{"href":"https:\/\/keilakk.eu\/e-pood\/wp-json\/wp\/v2\/product\/320","targetHints":{"allow":["GET"]}}],"collection":[{"href":"https:\/\/keilakk.eu\/e-pood\/wp-json\/wp\/v2\/product"}],"about":[{"href":"https:\/\/keilakk.eu\/e-pood\/wp-json\/wp\/v2\/types\/product"}],"version-history":[{"count":3,"href":"https:\/\/keilakk.eu\/e-pood\/wp-json\/wp\/v2\/product\/320\/revisions"}],"predecessor-version":[{"id":471,"href":"https:\/\/keilakk.eu\/e-pood\/wp-json\/wp\/v2\/product\/320\/revisions\/471"}],"wp:featuredmedia":[{"embeddable":true,"href":"https:\/\/keilakk.eu\/e-pood\/wp-json\/wp\/v2\/media\/307"}],"wp:attachment":[{"href":"https:\/\/keilakk.eu\/e-pood\/wp-json\/wp\/v2\/media?parent=320"}],"wp:term":[{"taxonomy":"product_brand","embeddable":true,"href":"https:\/\/keilakk.eu\/e-pood\/wp-json\/wp\/v2\/product_brand?post=320"},{"taxonomy":"product_cat","embeddable":true,"href":"https:\/\/keilakk.eu\/e-pood\/wp-json\/wp\/v2\/product_cat?post=320"},{"taxonomy":"product_tag","embeddable":true,"href":"https:\/\/keilakk.eu\/e-pood\/wp-json\/wp\/v2\/product_tag?post=320"}],"curies":[{"name":"wp","href":"https:\/\/api.w.org\/{rel}","templated":true}]}}