{"id":43,"date":"2023-12-07T10:29:10","date_gmt":"2023-12-07T10:29:10","guid":{"rendered":"https:\/\/keilakk.eu\/e-pood\/?post_type=product&#038;p=43"},"modified":"2026-02-26T21:15:07","modified_gmt":"2026-02-26T21:15:07","slug":"voistlusvorm","status":"publish","type":"product","link":"https:\/\/keilakk.eu\/e-pood\/toode\/voistlusvorm\/","title":{"rendered":"Noormeeste v\u00f5istlusvorm"},"content":{"rendered":"<p class=\"cvGsUA direction-ltr align-start para-style-body\"><span class=\"OYPEnA text-decoration-none text-strikethrough-none\">Dri-FIT tehnoloogia.<\/span><\/p>\n<p class=\"cvGsUA direction-ltr align-start para-style-body\"><span class=\"OYPEnA text-decoration-none text-strikethrough-none\">100% pol\u00fcester.<\/span><\/p>\n<p>Komplekti kuuluvad sinine ja valge v\u00f5istlusvormi s\u00e4rk ja sinised p\u00fcksid. <strong>V\u00f5imalik tellida alates U15\/U16 vanuseklassisest alates 168cm.<\/strong><\/p>\n<p>Suurused:<\/p>\n<p>S, M, L, XL, XXL<\/p>\n","protected":false},"excerpt":{"rendered":"<p class=\"cvGsUA direction-ltr align-start para-style-body\"><span class=\"OYPEnA text-decoration-none text-strikethrough-none\">Dri-FIT tehnoloogia.<\/span><\/p>\n<p class=\"cvGsUA direction-ltr align-start para-style-body\"><span class=\"OYPEnA text-decoration-none text-strikethrough-none\">100% pol\u00fcester.<\/span><\/p>\n<p>Komplekti kuuluvad sinine ja valge v\u00f5istlusvormi s\u00e4rk ja sinised p\u00fcksid.<\/p>\n<p><strong>V\u00f5imalik tellida alates U15\/U16 vanuseklassisest alates 168cm.<\/strong><\/p>\n<p>Suurused: S, M, L, XL, XXL<\/p>\n","protected":false},"featured_media":44,"template":"","meta":{"site-sidebar-layout":"default","site-content-layout":"","ast-site-content-layout":"default","site-content-style":"default","site-sidebar-style":"default","ast-global-header-display":"","ast-banner-title-visibility":"","ast-main-header-display":"","ast-hfb-above-header-display":"","ast-hfb-below-header-display":"","ast-hfb-mobile-header-display":"","site-post-title":"","ast-breadcrumbs-content":"","ast-featured-img":"","footer-sml-layout":"","theme-transparent-header-meta":"default","adv-header-id-meta":"","stick-header-meta":"","header-above-stick-meta":"","header-main-stick-meta":"","header-below-stick-meta":"","astra-migrate-meta-layouts":"set","ast-page-background-enabled":"default","ast-page-background-meta":{"desktop":{"background-color":"var(--ast-global-color-4)","background-image":"","background-repeat":"repeat","background-position":"center center","background-size":"auto","background-attachment":"scroll","background-type":"","background-media":"","overlay-type":"","overlay-color":"","overlay-gradient":""},"tablet":{"background-color":"","background-image":"","background-repeat":"repeat","background-position":"center center","background-size":"auto","background-attachment":"scroll","background-type":"","background-media":"","overlay-type":"","overlay-color":"","overlay-gradient":""},"mobile":{"background-color":"","background-image":"","background-repeat":"repeat","background-position":"center center","background-size":"auto","background-attachment":"scroll","background-type":"","background-media":"","overlay-type":"","overlay-color":"","overlay-gradient":""}},"ast-content-background-meta":{"desktop":{"background-color":"var(--ast-global-color-5)","background-image":"","background-repeat":"repeat","background-position":"center center","background-size":"auto","background-attachment":"scroll","background-type":"","background-media":"","overlay-type":"","overlay-color":"","overlay-gradient":""},"tablet":{"background-color":"var(--ast-global-color-5)","background-image":"","background-repeat":"repeat","background-position":"center center","background-size":"auto","background-attachment":"scroll","background-type":"","background-media":"","overlay-type":"","overlay-color":"","overlay-gradient":""},"mobile":{"background-color":"var(--ast-global-color-5)","background-image":"","background-repeat":"repeat","background-position":"center center","background-size":"auto","background-attachment":"scroll","background-type":"","background-media":"","overlay-type":"","overlay-color":"","overlay-gradient":""}}},"product_brand":[],"product_cat":[22,17],"product_tag":[],"class_list":{"0":"post-43","1":"product","2":"type-product","3":"status-publish","4":"has-post-thumbnail","6":"product_cat-mehed","7":"product_cat-voistlusvorm","8":"desktop-align-left","9":"tablet-align-left","10":"mobile-align-left","11":"ast-product-gallery-layout-horizontal-slider","12":"ast-product-single-variable","13":"ast-product-tabs-layout-horizontal","15":"first","16":"instock","17":"taxable","18":"shipping-taxable","19":"purchasable","20":"product-type-variable"},"_links":{"self":[{"href":"https:\/\/keilakk.eu\/e-pood\/wp-json\/wp\/v2\/product\/43","targetHints":{"allow":["GET"]}}],"collection":[{"href":"https:\/\/keilakk.eu\/e-pood\/wp-json\/wp\/v2\/product"}],"about":[{"href":"https:\/\/keilakk.eu\/e-pood\/wp-json\/wp\/v2\/types\/product"}],"version-history":[{"count":5,"href":"https:\/\/keilakk.eu\/e-pood\/wp-json\/wp\/v2\/product\/43\/revisions"}],"predecessor-version":[{"id":880,"href":"https:\/\/keilakk.eu\/e-pood\/wp-json\/wp\/v2\/product\/43\/revisions\/880"}],"wp:featuredmedia":[{"embeddable":true,"href":"https:\/\/keilakk.eu\/e-pood\/wp-json\/wp\/v2\/media\/44"}],"wp:attachment":[{"href":"https:\/\/keilakk.eu\/e-pood\/wp-json\/wp\/v2\/media?parent=43"}],"wp:term":[{"taxonomy":"product_brand","embeddable":true,"href":"https:\/\/keilakk.eu\/e-pood\/wp-json\/wp\/v2\/product_brand?post=43"},{"taxonomy":"product_cat","embeddable":true,"href":"https:\/\/keilakk.eu\/e-pood\/wp-json\/wp\/v2\/product_cat?post=43"},{"taxonomy":"product_tag","embeddable":true,"href":"https:\/\/keilakk.eu\/e-pood\/wp-json\/wp\/v2\/product_tag?post=43"}],"curies":[{"name":"wp","href":"https:\/\/api.w.org\/{rel}","templated":true}]}}