{"id":694,"date":"2025-03-04T08:27:51","date_gmt":"2025-03-04T08:27:51","guid":{"rendered":"https:\/\/keilakk.eu\/e-pood\/?post_type=product&#038;p=694"},"modified":"2025-03-19T09:44:56","modified_gmt":"2025-03-19T09:44:56","slug":"molten-bg4050-nr-5-korvpall-ametlik-hooajal-2023-2027","status":"publish","type":"product","link":"https:\/\/keilakk.eu\/e-pood\/toode\/molten-bg4050-nr-5-korvpall-ametlik-hooajal-2023-2027\/","title":{"rendered":"Molten nr. 5 korvpall (Ametlik hooajal 2023-2027)"},"content":{"rendered":"<p>Uus mudel Molten aastal 2025!<\/p>\n<p>Suurema haarduvuse ja vastupidavusega kui eelk\u00e4ija BG4000. Traditsiooniline korvpalli nastaga muster \u00e4\u00e4rmiselt hea haardumise tagamiseks! Massiivne premium s\u00fcnteetilisest nahast materjal annab pallile hea vastupidavuse. Molten tuntud p\u00f5rkepall, mis tagab, et iga\u00fcks saab selle korvpalliga kergelt dribbeldada. &#8220;{8} patenteeritud disain, mis tagab, et eriti noored ja uued m\u00e4ngijad saavad palli p\u00f6\u00f6rlemisest parima tunde. See mudel on mitmes m\u00f5ttes sarnane vanale Molten GMX mudeliga mitmes m\u00f5ttes, nii et kui sa olid selle f\u00e4nn, siis peaksid proovima seda. Hea valik, kui soovite palli, mida eelistatakse noortekorvpallile, millel on hea vastupidavus ja haarduvus ning mida kasutatakse peamiselt siseruumides.<\/p>\n","protected":false},"excerpt":{"rendered":"<p>Uus mudel Molten aastal 2025!<\/p>\n<p>Suurema haarduvuse ja vastupidavusega kui eelk\u00e4ija BG4000. Traditsiooniline korvpalli nastaga muster \u00e4\u00e4rmiselt hea haardumise tagamiseks! Massiivne premium s\u00fcnteetilisest nahast materjal annab pallile hea vastupidavuse. Molten tuntud p\u00f5rkepall, mis tagab, et iga\u00fcks saab selle korvpalliga kergelt dribbeldada. &#8220;{8} patenteeritud disain, mis tagab, et eriti noored ja uued m\u00e4ngijad saavad palli p\u00f6\u00f6rlemisest parima tunde. See mudel on mitmes m\u00f5ttes sarnane vanale Molten GMX mudeliga mitmes m\u00f5ttes, nii et kui sa olid selle f\u00e4nn, siis peaksid proovima seda. Hea valik, kui soovite palli, mida eelistatakse noortekorvpallile, millel on hea vastupidavus ja haarduvus ning mida kasutatakse peamiselt siseruumides.<\/p>\n","protected":false},"featured_media":699,"template":"","meta":{"site-sidebar-layout":"default","site-content-layout":"","ast-site-content-layout":"default","site-content-style":"default","site-sidebar-style":"default","ast-global-header-display":"","ast-banner-title-visibility":"","ast-main-header-display":"","ast-hfb-above-header-display":"","ast-hfb-below-header-display":"","ast-hfb-mobile-header-display":"","site-post-title":"","ast-breadcrumbs-content":"","ast-featured-img":"","footer-sml-layout":"","theme-transparent-header-meta":"default","adv-header-id-meta":"","stick-header-meta":"","header-above-stick-meta":"","header-main-stick-meta":"","header-below-stick-meta":"","astra-migrate-meta-layouts":"set","ast-page-background-enabled":"default","ast-page-background-meta":{"desktop":{"background-color":"var(--ast-global-color-4)","background-image":"","background-repeat":"repeat","background-position":"center center","background-size":"auto","background-attachment":"scroll","background-type":"","background-media":"","overlay-type":"","overlay-color":"","overlay-gradient":""},"tablet":{"background-color":"","background-image":"","background-repeat":"repeat","background-position":"center center","background-size":"auto","background-attachment":"scroll","background-type":"","background-media":"","overlay-type":"","overlay-color":"","overlay-gradient":""},"mobile":{"background-color":"","background-image":"","background-repeat":"repeat","background-position":"center center","background-size":"auto","background-attachment":"scroll","background-type":"","background-media":"","overlay-type":"","overlay-color":"","overlay-gradient":""}},"ast-content-background-meta":{"desktop":{"background-color":"var(--ast-global-color-5)","background-image":"","background-repeat":"repeat","background-position":"center center","background-size":"auto","background-attachment":"scroll","background-type":"","background-media":"","overlay-type":"","overlay-color":"","overlay-gradient":""},"tablet":{"background-color":"var(--ast-global-color-5)","background-image":"","background-repeat":"repeat","background-position":"center center","background-size":"auto","background-attachment":"scroll","background-type":"","background-media":"","overlay-type":"","overlay-color":"","overlay-gradient":""},"mobile":{"background-color":"var(--ast-global-color-5)","background-image":"","background-repeat":"repeat","background-position":"center center","background-size":"auto","background-attachment":"scroll","background-type":"","background-media":"","overlay-type":"","overlay-color":"","overlay-gradient":""}}},"product_brand":[],"product_cat":[16,39],"product_tag":[],"class_list":{"0":"post-694","1":"product","2":"type-product","3":"status-publish","4":"has-post-thumbnail","6":"product_cat-lapsed","7":"product_cat-pallid","8":"desktop-align-left","9":"tablet-align-left","10":"mobile-align-left","11":"ast-product-gallery-layout-horizontal-slider","12":"ast-product-tabs-layout-horizontal","14":"first","15":"instock","16":"taxable","17":"shipping-taxable","18":"purchasable","19":"product-type-simple"},"_links":{"self":[{"href":"https:\/\/keilakk.eu\/e-pood\/wp-json\/wp\/v2\/product\/694","targetHints":{"allow":["GET"]}}],"collection":[{"href":"https:\/\/keilakk.eu\/e-pood\/wp-json\/wp\/v2\/product"}],"about":[{"href":"https:\/\/keilakk.eu\/e-pood\/wp-json\/wp\/v2\/types\/product"}],"version-history":[{"count":2,"href":"https:\/\/keilakk.eu\/e-pood\/wp-json\/wp\/v2\/product\/694\/revisions"}],"predecessor-version":[{"id":706,"href":"https:\/\/keilakk.eu\/e-pood\/wp-json\/wp\/v2\/product\/694\/revisions\/706"}],"wp:featuredmedia":[{"embeddable":true,"href":"https:\/\/keilakk.eu\/e-pood\/wp-json\/wp\/v2\/media\/699"}],"wp:attachment":[{"href":"https:\/\/keilakk.eu\/e-pood\/wp-json\/wp\/v2\/media?parent=694"}],"wp:term":[{"taxonomy":"product_brand","embeddable":true,"href":"https:\/\/keilakk.eu\/e-pood\/wp-json\/wp\/v2\/product_brand?post=694"},{"taxonomy":"product_cat","embeddable":true,"href":"https:\/\/keilakk.eu\/e-pood\/wp-json\/wp\/v2\/product_cat?post=694"},{"taxonomy":"product_tag","embeddable":true,"href":"https:\/\/keilakk.eu\/e-pood\/wp-json\/wp\/v2\/product_tag?post=694"}],"curies":[{"name":"wp","href":"https:\/\/api.w.org\/{rel}","templated":true}]}}