{"id":790,"date":"2025-10-25T09:58:05","date_gmt":"2025-10-25T09:58:05","guid":{"rendered":"https:\/\/keilakk.eu\/e-pood\/?post_type=product&#038;p=790"},"modified":"2026-04-29T10:13:32","modified_gmt":"2026-04-29T10:13:32","slug":"laste-voistlusvorm-kahepoolne","status":"publish","type":"product","link":"https:\/\/keilakk.eu\/e-pood\/toode\/laste-voistlusvorm-kahepoolne\/","title":{"rendered":"Laste ja noorte v\u00f5istlusvorm kahepoolne"},"content":{"rendered":"<div class=\"DF_utQ _0xkaeQ\">\n<div>\n<div class=\"hWv4NA\"><\/div>\n<\/div>\n<\/div>\n<div class=\"DF_utQ _0xkaeQ\">\n<div class=\"DF_utQ _0xkaeQ\">\n<div class=\"aF9o6Q _0yZ6Qg\">\n<div class=\"AdBbhQ hGbcYA\" lang=\"en\">\n<p>Dri-FIT tehnoloogia. <span style=\"font-size: 16px;\">100% pol\u00fcester.<\/span><\/p>\n<\/div>\n<\/div>\n<\/div>\n<\/div>\n<div class=\"DF_utQ _0xkaeQ\">\n<div class=\"aF9o6Q _0yZ6Qg\">\n<div class=\"AdBbhQ hGbcYA\" lang=\"en\">\n<p>Komplekti kuulub kahepoolne v\u00f5istlusvormi s\u00e4rk ja sinised p\u00fcksid. <strong>NB! Kahepoolse s\u00e4rgiga v\u00f5istlusvorm on m\u00f5eldud kuni U15 vanuseklassile. Alates pikkusest 168cm on v\u00f5imalik tellida kahe eraldi s\u00e4rgiga noormeeste \/ neidude vormi.<\/strong><\/p>\n<p>V\u00f5istlusnumber ja nimi (ees- v\u00f5i perekonnanimi) treeneriga kokkuleppel.<\/p>\n<p>J\u00e4lgi tellimisel suuruste tabelit (leitav galeriist).<\/p>\n<div class=\"DF_utQ _0xkaeQ\">\n<div>\n<div class=\"hWv4NA\">\n<div class=\"bFnJ2A\">Suurused:<\/div>\n<\/div>\n<\/div>\n<\/div>\n<div class=\"DF_utQ _0xkaeQ\">\n<div class=\"DF_utQ _0xkaeQ\">\n<div class=\"aF9o6Q _0yZ6Qg\">\n<div class=\"AdBbhQ hGbcYA\" lang=\"en\">\n<p>XS, S, M, L, XL<\/p>\n<\/div>\n<\/div>\n<\/div>\n<\/div>\n<\/div>\n<\/div>\n<\/div>\n","protected":false},"excerpt":{"rendered":"<div class=\"DF_utQ _0xkaeQ\">\n<div class=\"DF_utQ _0xkaeQ\">\n<div class=\"aF9o6Q _0yZ6Qg\">\n<div class=\"AdBbhQ hGbcYA\" lang=\"en\">\n<p>Dri-FIT tehnoloogia. <span style=\"font-size: 16px;\">100% pol\u00fcester.<\/span><\/p>\n<\/div>\n<\/div>\n<\/div>\n<\/div>\n<div class=\"DF_utQ _0xkaeQ\">\n<div class=\"aF9o6Q _0yZ6Qg\">\n<div class=\"AdBbhQ hGbcYA\" lang=\"en\">\n<p>Komplekti kuulub kahepoolne v\u00f5istlusvormi s\u00e4rk ja sinised p\u00fcksid. <strong>NB! Kahepoolse s\u00e4rgiga v\u00f5istlusvorm on m\u00f5eldud kuni U13 vanuseklassile.<\/strong><\/p>\n<p>V\u00f5istlusnumber ja nimi (ees- v\u00f5i perekonnanimi) treeneriga kokkuleppel.<\/p>\n<p>J\u00e4lgi tellimisel suuruste tabelit (leitav galeriist).<\/p>\n<div class=\"DF_utQ _0xkaeQ\">\n<div>\n<div class=\"hWv4NA\">\n<div class=\"bFnJ2A\">Suurused:<\/div>\n<\/div>\n<\/div>\n<\/div>\n<div class=\"DF_utQ _0xkaeQ\">\n<div class=\"DF_utQ _0xkaeQ\">\n<div class=\"aF9o6Q _0yZ6Qg\">\n<div class=\"AdBbhQ hGbcYA\" lang=\"en\">\n<p>XS, S, M, L, XL<\/p>\n<\/div>\n<\/div>\n<\/div>\n<\/div>\n<\/div>\n<\/div>\n<\/div>\n","protected":false},"featured_media":38,"template":"","meta":{"site-sidebar-layout":"default","site-content-layout":"","ast-site-content-layout":"default","site-content-style":"default","site-sidebar-style":"default","ast-global-header-display":"","ast-banner-title-visibility":"","ast-main-header-display":"","ast-hfb-above-header-display":"","ast-hfb-below-header-display":"","ast-hfb-mobile-header-display":"","site-post-title":"","ast-breadcrumbs-content":"","ast-featured-img":"","footer-sml-layout":"","theme-transparent-header-meta":"default","adv-header-id-meta":"","stick-header-meta":"","header-above-stick-meta":"","header-main-stick-meta":"","header-below-stick-meta":"","astra-migrate-meta-layouts":"set","ast-page-background-enabled":"default","ast-page-background-meta":{"desktop":{"background-color":"var(--ast-global-color-4)","background-image":"","background-repeat":"repeat","background-position":"center center","background-size":"auto","background-attachment":"scroll","background-type":"","background-media":"","overlay-type":"","overlay-color":"","overlay-gradient":""},"tablet":{"background-color":"","background-image":"","background-repeat":"repeat","background-position":"center center","background-size":"auto","background-attachment":"scroll","background-type":"","background-media":"","overlay-type":"","overlay-color":"","overlay-gradient":""},"mobile":{"background-color":"","background-image":"","background-repeat":"repeat","background-position":"center center","background-size":"auto","background-attachment":"scroll","background-type":"","background-media":"","overlay-type":"","overlay-color":"","overlay-gradient":""}},"ast-content-background-meta":{"desktop":{"background-color":"var(--ast-global-color-5)","background-image":"","background-repeat":"repeat","background-position":"center center","background-size":"auto","background-attachment":"scroll","background-type":"","background-media":"","overlay-type":"","overlay-color":"","overlay-gradient":""},"tablet":{"background-color":"var(--ast-global-color-5)","background-image":"","background-repeat":"repeat","background-position":"center center","background-size":"auto","background-attachment":"scroll","background-type":"","background-media":"","overlay-type":"","overlay-color":"","overlay-gradient":""},"mobile":{"background-color":"var(--ast-global-color-5)","background-image":"","background-repeat":"repeat","background-position":"center center","background-size":"auto","background-attachment":"scroll","background-type":"","background-media":"","overlay-type":"","overlay-color":"","overlay-gradient":""}}},"product_brand":[],"product_cat":[16,17],"product_tag":[18],"class_list":{"0":"post-790","1":"product","2":"type-product","3":"status-publish","4":"has-post-thumbnail","6":"product_cat-lapsed","7":"product_cat-voistlusvorm","8":"product_tag-voistlusvorm","9":"desktop-align-left","10":"tablet-align-left","11":"mobile-align-left","12":"ast-product-gallery-layout-horizontal-slider","13":"ast-product-single-variable","14":"ast-product-tabs-layout-horizontal","16":"first","17":"instock","18":"taxable","19":"shipping-taxable","20":"purchasable","21":"product-type-variable"},"_links":{"self":[{"href":"https:\/\/keilakk.eu\/e-pood\/wp-json\/wp\/v2\/product\/790","targetHints":{"allow":["GET"]}}],"collection":[{"href":"https:\/\/keilakk.eu\/e-pood\/wp-json\/wp\/v2\/product"}],"about":[{"href":"https:\/\/keilakk.eu\/e-pood\/wp-json\/wp\/v2\/types\/product"}],"version-history":[{"count":6,"href":"https:\/\/keilakk.eu\/e-pood\/wp-json\/wp\/v2\/product\/790\/revisions"}],"predecessor-version":[{"id":920,"href":"https:\/\/keilakk.eu\/e-pood\/wp-json\/wp\/v2\/product\/790\/revisions\/920"}],"wp:featuredmedia":[{"embeddable":true,"href":"https:\/\/keilakk.eu\/e-pood\/wp-json\/wp\/v2\/media\/38"}],"wp:attachment":[{"href":"https:\/\/keilakk.eu\/e-pood\/wp-json\/wp\/v2\/media?parent=790"}],"wp:term":[{"taxonomy":"product_brand","embeddable":true,"href":"https:\/\/keilakk.eu\/e-pood\/wp-json\/wp\/v2\/product_brand?post=790"},{"taxonomy":"product_cat","embeddable":true,"href":"https:\/\/keilakk.eu\/e-pood\/wp-json\/wp\/v2\/product_cat?post=790"},{"taxonomy":"product_tag","embeddable":true,"href":"https:\/\/keilakk.eu\/e-pood\/wp-json\/wp\/v2\/product_tag?post=790"}],"curies":[{"name":"wp","href":"https:\/\/api.w.org\/{rel}","templated":true}]}}